{"id":308,"date":"2022-05-29T17:15:10","date_gmt":"2022-05-29T15:15:10","guid":{"rendered":"https:\/\/fatiha2022.fr\/?page_id=308"},"modified":"2022-06-10T23:08:29","modified_gmt":"2022-06-10T21:08:29","slug":"soutiens","status":"publish","type":"page","link":"https:\/\/fatiha2022.fr\/index.php\/soutiens\/","title":{"rendered":"Soutiens"},"content":{"rendered":"\n<p><\/p>\n\n\n\n<figure class=\"wp-block-image size-large\"><a href=\"https:\/\/www.facebook.com\/100009834576386\/videos\/1457876321309429\/\" target=\"_blank\" rel=\"noreferrer noopener\"><img loading=\"lazy\" width=\"1024\" height=\"950\" src=\"https:\/\/fatiha2022.fr\/wp-content\/uploads\/2022\/06\/V-Toranian-1024x950.jpg\" alt=\"\" class=\"wp-image-576\" srcset=\"https:\/\/fatiha2022.fr\/wp-content\/uploads\/2022\/06\/V-Toranian-1024x950.jpg 1024w, https:\/\/fatiha2022.fr\/wp-content\/uploads\/2022\/06\/V-Toranian-300x278.jpg 300w, https:\/\/fatiha2022.fr\/wp-content\/uploads\/2022\/06\/V-Toranian-768x713.jpg 768w, https:\/\/fatiha2022.fr\/wp-content\/uploads\/2022\/06\/V-Toranian.jpg 1080w\" sizes=\"(max-width: 1024px) 100vw, 1024px\" \/><\/a><\/figure>\n\n\n\n<p><\/p>\n\n\n\n<figure class=\"wp-block-image size-large\"><img loading=\"lazy\" width=\"959\" height=\"1024\" src=\"https:\/\/fatiha2022.fr\/wp-content\/uploads\/2022\/06\/Chibli1-2-959x1024.jpg\" alt=\"\" class=\"wp-image-479\" srcset=\"https:\/\/fatiha2022.fr\/wp-content\/uploads\/2022\/06\/Chibli1-2-959x1024.jpg 959w, https:\/\/fatiha2022.fr\/wp-content\/uploads\/2022\/06\/Chibli1-2-281x300.jpg 281w, https:\/\/fatiha2022.fr\/wp-content\/uploads\/2022\/06\/Chibli1-2-768x820.jpg 768w, https:\/\/fatiha2022.fr\/wp-content\/uploads\/2022\/06\/Chibli1-2.jpg 1080w\" sizes=\"(max-width: 959px) 100vw, 959px\" \/><\/figure>\n\n\n\n<figure class=\"wp-block-image size-large\"><img loading=\"lazy\" width=\"1024\" height=\"535\" src=\"https:\/\/fatiha2022.fr\/wp-content\/uploads\/2022\/05\/Catherine-Kintzler-5-1024x535.jpg\" alt=\"\" class=\"wp-image-313\" srcset=\"https:\/\/fatiha2022.fr\/wp-content\/uploads\/2022\/05\/Catherine-Kintzler-5-1024x535.jpg 1024w, https:\/\/fatiha2022.fr\/wp-content\/uploads\/2022\/05\/Catherine-Kintzler-5-300x157.jpg 300w, https:\/\/fatiha2022.fr\/wp-content\/uploads\/2022\/05\/Catherine-Kintzler-5-768x401.jpg 768w, https:\/\/fatiha2022.fr\/wp-content\/uploads\/2022\/05\/Catherine-Kintzler-5-1536x803.jpg 1536w, https:\/\/fatiha2022.fr\/wp-content\/uploads\/2022\/05\/Catherine-Kintzler-5-1200x627.jpg 1200w, https:\/\/fatiha2022.fr\/wp-content\/uploads\/2022\/05\/Catherine-Kintzler-5-1980x1034.jpg 1980w, https:\/\/fatiha2022.fr\/wp-content\/uploads\/2022\/05\/Catherine-Kintzler-5.jpg 2048w\" sizes=\"(max-width: 1024px) 100vw, 1024px\" \/><\/figure>\n\n\n\n<figure class=\"wp-block-embed is-type-rich is-provider-twitter wp-block-embed-twitter\"><div class=\"wp-block-embed__wrapper\">\n<blockquote class=\"twitter-tweet\" data-width=\"550\" data-dnt=\"true\"><p lang=\"fr\" dir=\"ltr\"><a href=\"https:\/\/twitter.com\/hashtag\/unjourunsoutien?src=hash&amp;ref_src=twsrc%5Etfw\">#unjourunsoutien<\/a> merci \u00e0 \u2066<a href=\"https:\/\/twitter.com\/BorisFaure?ref_src=twsrc%5Etfw\">@BorisFaure<\/a>\u2069 ! <a href=\"https:\/\/twitter.com\/hashtag\/circo4?src=hash&amp;ref_src=twsrc%5Etfw\">#circo4<\/a> <a href=\"https:\/\/twitter.com\/hashtag\/hautegaronne?src=hash&amp;ref_src=twsrc%5Etfw\">#hautegaronne<\/a> . La gauche r\u00e9publicaine, la\u00efque et f\u00e9ministe ! <a href=\"https:\/\/t.co\/f0yRBkxT6R\">pic.twitter.com\/f0yRBkxT6R<\/a><\/p>&mdash; Fatiha Agag-Boudjahlat (@AgagBoudjahlat) <a href=\"https:\/\/twitter.com\/AgagBoudjahlat\/status\/1528027523589758977?ref_src=twsrc%5Etfw\">May 21, 2022<\/a><\/blockquote><script async src=\"https:\/\/platform.twitter.com\/widgets.js\" charset=\"utf-8\"><\/script>\n<\/div><\/figure>\n\n\n\n<figure class=\"wp-container-2 wp-block-gallery-1 wp-block-gallery has-nested-images columns-default is-cropped\">\n<figure class=\"wp-block-image size-large\"><img loading=\"lazy\" width=\"826\" height=\"1024\" data-id=\"311\"  src=\"https:\/\/fatiha2022.fr\/wp-content\/uploads\/2022\/05\/Marguerite-Stern-826x1024.jpg\" alt=\"\" class=\"wp-image-311\" srcset=\"https:\/\/fatiha2022.fr\/wp-content\/uploads\/2022\/05\/Marguerite-Stern-826x1024.jpg 826w, https:\/\/fatiha2022.fr\/wp-content\/uploads\/2022\/05\/Marguerite-Stern-242x300.jpg 242w, https:\/\/fatiha2022.fr\/wp-content\/uploads\/2022\/05\/Marguerite-Stern-768x952.jpg 768w, https:\/\/fatiha2022.fr\/wp-content\/uploads\/2022\/05\/Marguerite-Stern.jpg 1080w\" sizes=\"(max-width: 826px) 100vw, 826px\" \/><\/figure>\n<\/figure>\n\n\n\n<figure class=\"wp-block-image size-large\"><img loading=\"lazy\" width=\"824\" height=\"1024\" src=\"https:\/\/fatiha2022.fr\/wp-content\/uploads\/2022\/06\/Albane-824x1024.jpg\" alt=\"\" class=\"wp-image-490\" srcset=\"https:\/\/fatiha2022.fr\/wp-content\/uploads\/2022\/06\/Albane-824x1024.jpg 824w, https:\/\/fatiha2022.fr\/wp-content\/uploads\/2022\/06\/Albane-241x300.jpg 241w, https:\/\/fatiha2022.fr\/wp-content\/uploads\/2022\/06\/Albane-768x954.jpg 768w, https:\/\/fatiha2022.fr\/wp-content\/uploads\/2022\/06\/Albane.jpg 1080w\" sizes=\"(max-width: 824px) 100vw, 824px\" \/><\/figure>\n","protected":false},"excerpt":{"rendered":"","protected":false},"author":2,"featured_media":0,"parent":0,"menu_order":0,"comment_status":"closed","ping_status":"closed","template":"","meta":[],"_links":{"self":[{"href":"https:\/\/fatiha2022.fr\/index.php\/wp-json\/wp\/v2\/pages\/308"}],"collection":[{"href":"https:\/\/fatiha2022.fr\/index.php\/wp-json\/wp\/v2\/pages"}],"about":[{"href":"https:\/\/fatiha2022.fr\/index.php\/wp-json\/wp\/v2\/types\/page"}],"author":[{"embeddable":true,"href":"https:\/\/fatiha2022.fr\/index.php\/wp-json\/wp\/v2\/users\/2"}],"replies":[{"embeddable":true,"href":"https:\/\/fatiha2022.fr\/index.php\/wp-json\/wp\/v2\/comments?post=308"}],"version-history":[{"count":8,"href":"https:\/\/fatiha2022.fr\/index.php\/wp-json\/wp\/v2\/pages\/308\/revisions"}],"predecessor-version":[{"id":577,"href":"https:\/\/fatiha2022.fr\/index.php\/wp-json\/wp\/v2\/pages\/308\/revisions\/577"}],"wp:attachment":[{"href":"https:\/\/fatiha2022.fr\/index.php\/wp-json\/wp\/v2\/media?parent=308"}],"curies":[{"name":"wp","href":"https:\/\/api.w.org\/{rel}","templated":true}]}}